{"id":1440,"date":"2025-06-23T21:49:21","date_gmt":"2025-06-23T19:49:21","guid":{"rendered":"https:\/\/aevbts.org\/?page_id=1440"},"modified":"2025-06-29T22:18:00","modified_gmt":"2025-06-29T20:18:00","slug":"el-cuerpo-militar-de-la-cruz-roja-italiana","status":"publish","type":"page","link":"https:\/\/aevbts.org\/?page_id=1440","title":{"rendered":"El cuerpo militar de la cruz roja italiana"},"content":{"rendered":"<div data-colibri-id=\"1440-c1\" class=\"style-719 style-local-1440-c1 position-relative\">\n  <!---->\n  <div data-colibri-component=\"section\" data-colibri-id=\"1440-c5\" id=\"content\" class=\"h-section h-section-global-spacing d-flex align-items-lg-center align-items-md-center align-items-center style-733 style-local-1440-c5 position-relative\">\n    <!---->\n    <!---->\n    <div class=\"h-section-grid-container h-section-boxed-container\">\n      <div data-colibri-id=\"1440-c27\" class=\"h-row-container gutters-row-lg-2 gutters-row-md-2 gutters-row-0 gutters-row-v-lg-2 gutters-row-v-md-2 gutters-row-v-2 style-749 style-local-1440-c27 position-relative\">\n        <!---->\n        <div class=\"h-row justify-content-lg-center justify-content-md-center justify-content-center align-items-lg-stretch align-items-md-stretch align-items-stretch gutters-col-lg-2 gutters-col-md-2 gutters-col-0 gutters-col-v-lg-2 gutters-col-v-md-2 gutters-col-v-2\">\n          <!---->\n          <div class=\"h-column h-column-container d-flex h-col-lg-auto h-col-md-auto h-col-auto style-750-outer style-local-1440-c28-outer\">\n            <div data-colibri-id=\"1440-c28\" class=\"d-flex h-flex-basis h-column__inner h-px-lg-2 h-px-md-2 h-px-2 v-inner-lg-2 v-inner-md-2 v-inner-2 style-750 style-local-1440-c28 position-relative\">\n              <!---->\n              <!---->\n              <div class=\"w-100 h-y-container h-column__content h-column__v-align flex-basis-100 align-self-lg-start align-self-md-start align-self-start\">\n                <!---->\n                <div data-colibri-id=\"1440-c30\" class=\"d-block style-752 style-local-1440-c30 position-relative h-element\">\n                  <!---->\n                  <div class=\"h-image__frame-container-outer\">\n                    <div class=\"h-image__frame-container\">\n                      <!---->\n                      <!---->\n                      <img loading=\"lazy\" decoding=\"async\" width=\"260\" height=\"291\" src=\"https:\/\/aevbts.org\/wp-content\/uploads\/2025\/06\/260px-Stemma_Corpo_Militare_CRI.png\" class=\"wp-image-1488 style-752-image style-local-1440-c30-image\" alt=\"\" \/>\n                      <div class=\"h-image__frame h-hide-lg h-hide-md h-hide-sm style-752-frameImage style-local-1440-c30-frameImage\"><\/div>\n                    <\/div>\n                  <\/div>\n                <\/div>\n              <\/div>\n            <\/div>\n          <\/div>\n        <\/div>\n      <\/div>\n      <div data-colibri-id=\"1440-c23\" class=\"h-row-container gutters-row-lg-2 gutters-row-md-2 gutters-row-2 gutters-row-v-lg-2 gutters-row-v-md-2 gutters-row-v-2 style-745 style-local-1440-c23 position-relative\">\n        <!---->\n        <div class=\"h-row justify-content-lg-center justify-content-md-center justify-content-center align-items-lg-stretch align-items-md-stretch align-items-stretch gutters-col-lg-2 gutters-col-md-2 gutters-col-2 gutters-col-v-lg-2 gutters-col-v-md-2 gutters-col-v-2\">\n          <!---->\n          <div class=\"h-column h-column-container d-flex h-col-lg-auto h-col-md-auto h-col-auto style-746-outer style-local-1440-c24-outer\">\n            <div data-colibri-id=\"1440-c24\" class=\"d-flex h-flex-basis h-column__inner h-px-lg-2 h-px-md-2 h-px-2 v-inner-lg-2 v-inner-md-2 v-inner-2 style-746 style-local-1440-c24 position-relative\">\n              <!---->\n              <!---->\n              <div class=\"w-100 h-y-container h-column__content h-column__v-align flex-basis-100 align-self-lg-start align-self-md-start align-self-start\">\n                <!---->\n                <div data-colibri-id=\"1440-c25\" class=\"h-global-transition-all h-heading style-747 style-local-1440-c25 position-relative h-element\">\n                  <!---->\n                  <div class=\"h-heading__outer style-747 style-local-1440-c25\">\n                    <!---->\n                    <!---->\n                    <h2 class=\"\">EL CUERPO MILITAR DE LA CRUZ ROJA ITALIANA<\/h2>\n                  <\/div>\n                <\/div>\n                <div data-colibri-id=\"1440-c26\" class=\"h-lead h-text h-text-component style-748 style-local-1440-c26 position-relative h-element\">\n                  <!---->\n                  <!---->\n                  <div class=\"\">\n                    <h2><span style=\"font-family: Montserrat;\">IL CORPO MILITARE C.R.I<\/span><\/h2>\n                  <\/div>\n                <\/div>\n              <\/div>\n            <\/div>\n          <\/div>\n        <\/div>\n      <\/div>\n      <div data-colibri-id=\"1440-c6\" class=\"h-row-container gutters-row-lg-2 gutters-row-md-2 gutters-row-2 gutters-row-v-lg-2 gutters-row-v-md-2 gutters-row-v-2 style-734 style-local-1440-c6 position-relative\">\n        <!---->\n        <div class=\"h-row justify-content-lg-center justify-content-md-center justify-content-center align-items-lg-stretch align-items-md-stretch align-items-stretch gutters-col-lg-2 gutters-col-md-2 gutters-col-2 gutters-col-v-lg-2 gutters-col-v-md-2 gutters-col-v-2\">\n          <!---->\n          <div class=\"h-column h-column-container d-flex h-col-lg-auto h-col-md-auto h-col-auto style-735-outer style-local-1440-c7-outer\">\n            <div data-colibri-id=\"1440-c7\" class=\"d-flex h-flex-basis h-column__inner h-px-lg-0 h-px-md-0 h-px-0 v-inner-lg-0 v-inner-md-0 v-inner-0 style-735 style-local-1440-c7 position-relative\">\n              <!---->\n              <!---->\n              <div class=\"w-100 h-y-container h-column__content h-column__v-align flex-basis-100 align-self-lg-start align-self-md-start align-self-start\">\n                <!---->\n                <div data-colibri-id=\"1440-c8\" class=\"h-row-container gutters-row-lg-2 gutters-row-md-2 gutters-row-2 gutters-row-v-lg-2 gutters-row-v-md-2 gutters-row-v-2 style-736 style-local-1440-c8 position-relative\">\n                  <!---->\n                  <div class=\"h-row justify-content-lg-center justify-content-md-center justify-content-center align-items-lg-stretch align-items-md-stretch align-items-stretch gutters-col-lg-2 gutters-col-md-2 gutters-col-2 gutters-col-v-lg-2 gutters-col-v-md-2 gutters-col-v-2\">\n                    <!---->\n                    <div class=\"h-column h-column-container d-flex h-col-lg-6 h-col-md-6 h-col-12 style-737-outer style-local-1440-c9-outer\">\n                      <div data-colibri-id=\"1440-c9\" class=\"d-flex h-flex-basis h-column__inner h-px-lg-0 h-px-md-0 h-px-0 v-inner-lg-0 v-inner-md-0 v-inner-0 style-737 style-local-1440-c9 position-relative\">\n                        <!---->\n                        <!---->\n                        <div class=\"w-100 h-y-container h-column__content h-column__v-align flex-basis-100 align-self-lg-center align-self-md-center align-self-center\">\n                          <!---->\n                          <div data-colibri-id=\"1440-c10\" class=\"h-global-transition-all h-heading style-738 style-local-1440-c10 position-relative h-element\">\n                            <!---->\n                            <div class=\"h-heading__outer style-738 style-local-1440-c10\">\n                              <!---->\n                              <!---->\n                              <h4 class=\"\">Presentaci\u00f3n<\/h4>\n                            <\/div>\n                          <\/div>\n                          <div data-colibri-id=\"1440-c11\" class=\"h-text h-text-component style-739 style-local-1440-c11 position-relative h-element\">\n                            <!---->\n                            <!---->\n                            <div class=\"\">\n                              <p><span style=\"color: rgb(0, 0, 0);\">La Cruz Roja Italiana, en virtud de convenios internacionales y las leyes nacionales, tiene entre sus componentes, para llevar a cabo las tareas de emergencia en tiempos de paz y guerra, un CUERPO MILITAR, auxiliar de las Fuerzas Armadas. Integramente compuesto por personal voluntario altamente cualificado, tal como m\u00e9dicos, enfermeros, psic\u00f3logos, qu\u00edmicos, farmac\u00e9uticos, contadores y personal sanitario.<\/span>\n                                <br>\n                              <\/p>\n                              <p><span style=\"color: rgb(0, 0, 0);\">Actualmente cuenta con 19.314 miembros, que son llamados peri\u00f3dicamente para su formaci\u00f3n y entrenamiento.El Corpo Militare atiende situaciones de emergencia nacional e internacional, con hospitales de campo, atenci\u00f3n m\u00e9dica avanzada, centros de log\u00edstica y descontaminaci\u00f3n ABQ, etc.<\/span><\/p>\n                              <p><span style=\"color: rgb(0, 0, 0);\">Se organiza en un organismo de inspecci\u00f3n nacional, comit\u00e9s regionales, bases operativas y centros de usos m\u00faltiples.<\/span><\/p>\n                            <\/div>\n                          <\/div>\n                        <\/div>\n                      <\/div>\n                    <\/div>\n                    <div class=\"h-column h-column-container d-flex h-col-lg-6 h-col-md-6 h-col-12 style-740-outer style-local-1440-c12-outer\">\n                      <div data-colibri-id=\"1440-c12\" class=\"d-flex h-flex-basis h-column__inner h-ui-empty-state-container h-px-lg-0 h-px-md-0 h-px-0 v-inner-lg-0 v-inner-md-0 v-inner-0 style-740 style-local-1440-c12 position-relative\">\n                        <!---->\n                        <!---->\n                        <div class=\"w-100 h-y-container h-column__content h-column__v-align flex-basis-100\">\n                          <!---->\n                        <\/div>\n                      <\/div>\n                    <\/div>\n                  <\/div>\n                <\/div>\n                <div data-colibri-id=\"1440-c13\" class=\"h-row-container gutters-row-lg-2 gutters-row-md-2 gutters-row-2 gutters-row-v-lg-2 gutters-row-v-md-2 gutters-row-v-2 style-736 style-local-1440-c13 position-relative\">\n                  <!---->\n                  <div class=\"h-row justify-content-lg-center justify-content-md-center justify-content-center align-items-lg-stretch align-items-md-stretch align-items-stretch gutters-col-lg-2 gutters-col-md-2 gutters-col-2 gutters-col-v-lg-2 gutters-col-v-md-2 gutters-col-v-2\">\n                    <!---->\n                    <div class=\"h-column h-column-container d-flex h-col-lg-6 h-col-md-6 h-col-12 style-741-outer style-local-1440-c14-outer\">\n                      <div data-colibri-id=\"1440-c14\" class=\"d-flex h-flex-basis h-column__inner h-ui-empty-state-container h-px-lg-0 h-px-md-0 h-px-0 v-inner-lg-0 v-inner-md-0 v-inner-0 style-741 style-local-1440-c14 position-relative\">\n                        <!---->\n                        <!---->\n                        <div class=\"w-100 h-y-container h-column__content h-column__v-align flex-basis-100\">\n                          <!---->\n                        <\/div>\n                      <\/div>\n                    <\/div>\n                    <div class=\"h-column h-column-container d-flex h-col-lg-6 h-col-md-6 h-col-12 style-737-outer style-local-1440-c15-outer\">\n                      <div data-colibri-id=\"1440-c15\" class=\"d-flex h-flex-basis h-column__inner h-px-lg-0 h-px-md-0 h-px-0 v-inner-lg-0 v-inner-md-0 v-inner-0 style-737 style-local-1440-c15 position-relative\">\n                        <!---->\n                        <!---->\n                        <div class=\"w-100 h-y-container h-column__content h-column__v-align flex-basis-100 align-self-lg-center align-self-md-center align-self-center\">\n                          <!---->\n                          <div data-colibri-id=\"1440-c16\" class=\"h-global-transition-all h-heading style-738 style-local-1440-c16 position-relative h-element\">\n                            <!---->\n                            <div class=\"h-heading__outer style-738 style-local-1440-c16\">\n                              <!---->\n                              <!---->\n                              <h4 class=\"\">Organizaci\u00f3n<\/h4>\n                            <\/div>\n                          <\/div>\n                          <div data-colibri-id=\"1440-c17\" class=\"h-text h-text-component style-742 style-local-1440-c17 position-relative h-element\">\n                            <!---->\n                            <!---->\n                            <div class=\"\">\n                              <p>\n                                <br>\n                              <\/p>\n                              <p><span style=\"color: black;\">En tiempo de guerra, el Corpo Militare tiene las siguientes funciones:<\/span><\/p>\n                              <p>\n                                <br>\n                              <\/p>\n                              <p><span style=\"color: black;\">\u25a0 Contribuir a la evacuaci\u00f3n, la atenci\u00f3n de los heridos y enfermos de la guerra;<br>\u25a0 Organizar y dirigir la salud de defensa antia\u00e9rea;<br>\u25a0 Servicio de liberaci\u00f3n de los prisioneros de guerra bajo las convenciones internacionales de Ginebra.<\/span><\/p>\n                              <p><span style=\"color: black;\"><br><\/span>En caso de emergencia grave, el Cuerpo lleva a cabo acciones&nbsp;&nbsp;en masa de emergencia m\u00e9dica a trav\u00e9s de la utilizaci\u00f3n de grupos y unidades m\u00f3viles de salud, hospitales de campa\u00f1a,\n                                campamentos, hospitales, trenes, puestos de socorro y las disposiciones se espera para la utilizaci\u00f3n inmediata de los servicios de emergencia motorizados; tambi\u00e9n contribuye a la estructura de apoyo a los servicios competentes\n                                de la Instituci\u00f3n de Protecci\u00f3n Civil.<span style=\"color: black;\"><br><br>Con este fin, el Cuerpo Militar de C.R.I.&nbsp;presta especial atenci\u00f3n a la preparaci\u00f3n de personal y materiales necesarios para una eficaz contribuci\u00f3n a la operaci\u00f3n de los servicios indicados.<br><br>El Cuerpo, al que se accede s\u00f3lo por el&nbsp;<\/span>\n                                <strong\n                                  style=\"color: black;\">alistamiento voluntario<\/strong><span style=\"color: black;\">, tiene los siguientes componentes:<\/span><\/p>\n                              <ul>\n                                <li><span style=\"color: black;\">&nbsp;M\u00e9dicos;<\/span><\/li>\n                                <li><span style=\"color: black;\">Oficiales de los servicios, comisarios y auditores.(Lo que era la escala T\u00e1ctica en el Cuerpo de Tropas de Socorro).<\/span><\/li>\n                                <li><span style=\"color: black;\">Oficiales Farmac\u00e9uticos, Qu\u00edmicos y Capellanes;<\/span><\/li>\n                                <li><span style=\"color: black;\">Suboficiales y soldados graduados;<\/span><\/li>\n                                <li><span style=\"color: black;\">Oficiales enfermeras y enfermeros;<\/span><\/li>\n                                <li><span style=\"color: black;\">Portadores;<\/span><\/li>\n                                <li><span style=\"color: black;\">Conductores;<\/span><\/li>\n                                <li><span style=\"color: black;\">Servicios (mec\u00e1nicos, camareros, cocineros, administradores, intendentes).<\/span><\/li>\n                              <\/ul>\n                              <p>\n                                <br>\n                              <\/p>\n                            <\/div>\n                          <\/div>\n                        <\/div>\n                      <\/div>\n                    <\/div>\n                  <\/div>\n                <\/div>\n                <div data-colibri-id=\"1440-c18\" class=\"h-row-container gutters-row-lg-2 gutters-row-md-2 gutters-row-2 gutters-row-v-lg-2 gutters-row-v-md-2 gutters-row-v-2 style-736 style-local-1440-c18 position-relative\">\n                  <!---->\n                  <div class=\"h-row justify-content-lg-center justify-content-md-center justify-content-center align-items-lg-stretch align-items-md-stretch align-items-stretch gutters-col-lg-2 gutters-col-md-2 gutters-col-2 gutters-col-v-lg-2 gutters-col-v-md-2 gutters-col-v-2\">\n                    <!---->\n                    <div class=\"h-column h-column-container d-flex h-col-lg-6 h-col-md-6 h-col-12 style-737-outer style-local-1440-c19-outer\">\n                      <div data-colibri-id=\"1440-c19\" class=\"d-flex h-flex-basis h-column__inner h-px-lg-0 h-px-md-0 h-px-0 v-inner-lg-0 v-inner-md-0 v-inner-0 style-737 style-local-1440-c19 position-relative\">\n                        <!---->\n                        <!---->\n                        <div class=\"w-100 h-y-container h-column__content h-column__v-align flex-basis-100 align-self-lg-center align-self-md-center align-self-center\">\n                          <!---->\n                          <div data-colibri-id=\"1440-c20\" class=\"h-global-transition-all h-heading style-738 style-local-1440-c20 position-relative h-element\">\n                            <!---->\n                            <div class=\"h-heading__outer style-738 style-local-1440-c20\">\n                              <!---->\n                              <!---->\n                              <h4 class=\"\">&nbsp; &nbsp; Reclutamiento<\/h4>\n                            <\/div>\n                          <\/div>\n                          <div data-colibri-id=\"1440-c21\" class=\"h-text h-text-component style-743 style-local-1440-c21 position-relative h-element\">\n                            <!---->\n                            <!---->\n                            <div class=\"\">\n                              <p><span style=\"color: black;\">El Cuerpo Militar de la&nbsp;Cruz Roja Italiana es un organismo auxiliar de las Fuerzas Armadas del Estado y est\u00e1 integrado por elementos&nbsp;&nbsp;<\/span><strong style=\"color: black;\">voluntarios<\/strong>\n                                <span\n                                  style=\"color: black;\">&nbsp;movilizados, en su mayor\u00eda jubilados. Est\u00e1 dirigido a prestar servicio en tiempo de guerra o emergencia grave en tiempo de paz, as\u00ed como la formaci\u00f3n en materias de su incumbencia..&nbsp;\n                                  <br>\n                                  <br>Los oficiales pueden estar inscritos en las categor\u00edas de: comisarios, m\u00e9dicos, psic\u00f3logos, farmac\u00e9uticos, contadores y capellanes.&nbsp;<\/span>\n                              <\/p>\n                              <p><span style=\"color: black;\">Suboficiales y soldados en las categor\u00edas: enfermeros, pilotos, mec\u00e1nicos, cocineros, porteadores.<br><br>&nbsp;En el momento de la inscripci\u00f3n puede ser reconocido por los grados que tuvieron en las Fuerzas Armadas; pueden ser nombrados oficiales si poseen las debidas calificaciones y cumplen con los requisitos de ley;&nbsp;pueden ser nombrados sargentos los&nbsp;estudiantes de medicina y cirug\u00eda que han completado su cuarto a\u00f1o de la universidad y que demuestran el conocimiento de las normas del Reglamento disciplinario militar;&nbsp;pueden ser nombrados cabos los&nbsp;&nbsp;estudiantes de medicina y cirug\u00eda que tienen por lo menos dos a\u00f1os de tiempo de la universidad y conozcan las reglas de la disciplina militar;los graduados de enfermer\u00eda;&nbsp;los&nbsp;estudiantes de farmacia que han completado su 1 \u00ba a\u00f1o de universidad.<\/span><\/p>\n                              <p><span style=\"color: black;\">Las solicitudes de inscripci\u00f3n, acompa\u00f1ada de la documentaci\u00f3n requerida, deber\u00e1n presentarse en el Centro de Movilizaci\u00f3n de la jurisdicci\u00f3n.<br><br>El uniforme, similar a la del ej\u00e9rcito italiano, se caracteriza por el cuerpo distintivo (disco de oro con una cruz roja sobre una corona blanca, torres coronadas para los oficiales y sargentos, disco de oro con una cruz roja sobre campo blanco para sargentos y sargentos mayores, disco de pa\u00f1o con una cruz roja sobre campo blanco para las tropas), para llevar en el brazo derecho de su uniforme a la misma distancia entre el codo y el hombro.<br><br>El personal del Cuerpo tiene la condici\u00f3n de militar en todos los aspectos y est\u00e1 regulado por el RD 02\/10\/1936 n.484 mod. por la Ley 07\/25\/1941, D.L.L. 22\/02\/1946 n \u00ba 379 (DO n \u00ba 126, de 01.06.1946) y la RDP de la 31\/07\/1980 n 613.<\/span><\/p>\n                              <p>\n                                <br>\n                              <\/p>\n                            <\/div>\n                          <\/div>\n                        <\/div>\n                      <\/div>\n                    <\/div>\n                    <div class=\"h-column h-column-container d-flex h-col-lg-6 h-col-md-6 h-col-12 style-744-outer style-local-1440-c22-outer\">\n                      <div data-colibri-id=\"1440-c22\" class=\"d-flex h-flex-basis h-column__inner h-ui-empty-state-container h-px-lg-0 h-px-md-0 h-px-0 v-inner-lg-0 v-inner-md-0 v-inner-0 style-744 style-local-1440-c22 position-relative\">\n                        <!---->\n                        <!---->\n                        <div class=\"w-100 h-y-container h-column__content h-column__v-align flex-basis-100\">\n                          <!---->\n                        <\/div>\n                      <\/div>\n                    <\/div>\n                  <\/div>\n                <\/div>\n              <\/div>\n            <\/div>\n          <\/div>\n        <\/div>\n      <\/div>\n    <\/div>\n  <\/div>\n<\/div>","protected":false},"excerpt":{"rendered":"<p>EL CUERPO MILITAR DE LA CRUZ ROJA ITALIANA IL CORPO MILITARE C.R.I Presentaci\u00f3n [&hellip;]<\/p>\n","protected":false},"author":1,"featured_media":0,"parent":0,"menu_order":0,"comment_status":"closed","ping_status":"closed","template":"page-templates\/full-width-page.php","meta":{"footnotes":""},"class_list":["post-1440","page","type-page","status-publish","hentry"],"_links":{"self":[{"href":"https:\/\/aevbts.org\/index.php?rest_route=\/wp\/v2\/pages\/1440","targetHints":{"allow":["GET"]}}],"collection":[{"href":"https:\/\/aevbts.org\/index.php?rest_route=\/wp\/v2\/pages"}],"about":[{"href":"https:\/\/aevbts.org\/index.php?rest_route=\/wp\/v2\/types\/page"}],"author":[{"embeddable":true,"href":"https:\/\/aevbts.org\/index.php?rest_route=\/wp\/v2\/users\/1"}],"replies":[{"embeddable":true,"href":"https:\/\/aevbts.org\/index.php?rest_route=%2Fwp%2Fv2%2Fcomments&post=1440"}],"version-history":[{"count":6,"href":"https:\/\/aevbts.org\/index.php?rest_route=\/wp\/v2\/pages\/1440\/revisions"}],"predecessor-version":[{"id":1501,"href":"https:\/\/aevbts.org\/index.php?rest_route=\/wp\/v2\/pages\/1440\/revisions\/1501"}],"wp:attachment":[{"href":"https:\/\/aevbts.org\/index.php?rest_route=%2Fwp%2Fv2%2Fmedia&parent=1440"}],"curies":[{"name":"wp","href":"https:\/\/api.w.org\/{rel}","templated":true}]}}