{"id":1556,"date":"2025-11-17T21:14:05","date_gmt":"2025-11-17T20:14:05","guid":{"rendered":"https:\/\/aevbts.org\/?page_id=1556"},"modified":"2025-11-17T23:40:42","modified_gmt":"2025-11-17T22:40:42","slug":"brigadas-navales-de-salvamento","status":"publish","type":"page","link":"https:\/\/aevbts.org\/?page_id=1556","title":{"rendered":"Brigadas Navales de Salvamento"},"content":{"rendered":"<div data-colibri-id=\"1556-c1\" class=\"style-753 style-local-1556-c1 position-relative\">\r\n  <!---->\r\n  <div data-colibri-component=\"section\" data-colibri-id=\"1556-c2\" id=\"reusable-sections\" class=\"h-section h-section-global-spacing d-flex align-items-lg-center align-items-md-center align-items-center style-773 style-local-1556-c2 position-relative\">\r\n    <!---->\r\n    <!---->\r\n    <div class=\"h-section-grid-container h-section-boxed-container\">\r\n      <div data-colibri-id=\"1556-c20\" class=\"h-row-container gutters-row-lg-2 gutters-row-md-2 gutters-row-0 gutters-row-v-lg-2 gutters-row-v-md-2 gutters-row-v-2 style-785 style-local-1556-c20 position-relative\">\r\n        <!---->\r\n        <div class=\"h-row justify-content-lg-center justify-content-md-center justify-content-center align-items-lg-stretch align-items-md-stretch align-items-stretch gutters-col-lg-2 gutters-col-md-2 gutters-col-0 gutters-col-v-lg-2 gutters-col-v-md-2 gutters-col-v-2\">\r\n          <!---->\r\n          <div class=\"h-column h-column-container d-flex h-col-lg-auto h-col-md-auto h-col-auto style-786-outer style-local-1556-c21-outer\">\r\n            <div data-colibri-id=\"1556-c21\" class=\"d-flex h-flex-basis h-column__inner h-px-lg-2 h-px-md-2 h-px-2 v-inner-lg-2 v-inner-md-2 v-inner-2 style-786 style-local-1556-c21 position-relative\">\r\n              <!---->\r\n              <!---->\r\n              <div class=\"w-100 h-y-container h-column__content h-column__v-align flex-basis-100 align-self-lg-start align-self-md-start align-self-start\">\r\n                <!---->\r\n                <div data-colibri-id=\"1556-c22\" class=\"d-block style-787 style-local-1556-c22 position-relative h-element\">\r\n                  <!---->\r\n                  <div class=\"h-image__frame-container-outer\">\r\n                    <div class=\"h-image__frame-container\">\r\n                      <!---->\r\n                      <!---->\r\n                      <img loading=\"lazy\" decoding=\"async\" width=\"234\" height=\"267\" src=\"https:\/\/aevbts.org\/wp-content\/uploads\/2025\/11\/cropped-cropped-152905034.jpg\" class=\"wp-image-1568 style-787-image style-local-1556-c22-image\" alt=\"\" \/>\r\n                      <div class=\"h-image__frame h-hide-lg h-hide-md h-hide-sm style-787-frameImage style-local-1556-c22-frameImage\"><\/div>\r\n                    <\/div>\r\n                  <\/div>\r\n                <\/div>\r\n              <\/div>\r\n            <\/div>\r\n          <\/div>\r\n        <\/div>\r\n      <\/div>\r\n      <div data-colibri-id=\"1556-c23\" class=\"h-row-container gutters-row-lg-2 gutters-row-md-2 gutters-row-2 gutters-row-v-lg-2 gutters-row-v-md-2 gutters-row-v-2 style-788 style-local-1556-c23 position-relative\">\r\n        <!---->\r\n        <div class=\"h-row justify-content-lg-center justify-content-md-center justify-content-center align-items-lg-stretch align-items-md-stretch align-items-stretch gutters-col-lg-2 gutters-col-md-2 gutters-col-2 gutters-col-v-lg-2 gutters-col-v-md-2 gutters-col-v-2\">\r\n          <!---->\r\n          <div class=\"h-column h-column-container d-flex h-col-lg-auto h-col-md-auto h-col-auto style-789-outer style-local-1556-c24-outer\">\r\n            <div data-colibri-id=\"1556-c24\" class=\"d-flex h-flex-basis h-column__inner h-px-lg-2 h-px-md-2 h-px-2 v-inner-lg-2 v-inner-md-2 v-inner-2 style-789 style-local-1556-c24 position-relative\">\r\n              <!---->\r\n              <!---->\r\n              <div class=\"w-100 h-y-container h-column__content h-column__v-align flex-basis-100 align-self-lg-start align-self-md-start align-self-start\">\r\n                <!---->\r\n                <div data-colibri-id=\"1556-c25\" class=\"h-global-transition-all h-heading style-790 style-local-1556-c25 position-relative h-element\">\r\n                  <!---->\r\n                  <div class=\"h-heading__outer style-790 style-local-1556-c25\">\r\n                    <!---->\r\n                    <!---->\r\n                    <h2 class=\"\">BRIGADAS NAVALES DE SALVAMENTO DE LA CRUZ ROJA DEL MAR<\/h2>\r\n                  <\/div>\r\n                <\/div>\r\n                <div data-colibri-id=\"1556-c26\" class=\"h-lead h-text h-text-component style-791 style-local-1556-c26 position-relative h-element\">\r\n                  <!---->\r\n                  <!---->\r\n                  <div class=\"\">\r\n                    <h2><span style=\"font-family: Montserrat;\">(DISUELTAS)<\/span><\/h2>\r\n                    <p>\r\n                      <br>\r\n                    <\/p>\r\n                  <\/div>\r\n                <\/div>\r\n              <\/div>\r\n            <\/div>\r\n          <\/div>\r\n        <\/div>\r\n      <\/div>\r\n      <div data-colibri-id=\"1556-c3\" class=\"h-row-container gutters-row-lg-2 gutters-row-md-2 gutters-row-2 gutters-row-v-lg-2 gutters-row-v-md-2 gutters-row-v-2 style-774 style-local-1556-c3 position-relative\">\r\n        <!---->\r\n        <div class=\"h-row justify-content-lg-center justify-content-md-center justify-content-center align-items-lg-stretch align-items-md-stretch align-items-stretch gutters-col-lg-2 gutters-col-md-2 gutters-col-2 gutters-col-v-lg-2 gutters-col-v-md-2 gutters-col-v-2\">\r\n          <!---->\r\n          <div class=\"h-column h-column-container d-flex h-col-lg-auto h-col-md-auto h-col-auto style-775-outer style-local-1556-c4-outer\">\r\n            <div data-colibri-id=\"1556-c4\" class=\"d-flex h-flex-basis h-column__inner h-px-lg-0 h-px-md-0 h-px-0 v-inner-lg-0 v-inner-md-0 v-inner-0 style-775 style-local-1556-c4 position-relative\">\r\n              <!---->\r\n              <!---->\r\n              <div class=\"w-100 h-y-container h-column__content h-column__v-align flex-basis-100 align-self-lg-start align-self-md-start align-self-start\">\r\n                <!---->\r\n                <div data-colibri-id=\"1556-c5\" class=\"h-row-container gutters-row-lg-2 gutters-row-md-2 gutters-row-2 gutters-row-v-lg-2 gutters-row-v-md-2 gutters-row-v-2 style-776 style-local-1556-c5 position-relative\">\r\n                  <!---->\r\n                  <div class=\"h-row justify-content-lg-center justify-content-md-center justify-content-center align-items-lg-stretch align-items-md-stretch align-items-stretch gutters-col-lg-2 gutters-col-md-2 gutters-col-2 gutters-col-v-lg-2 gutters-col-v-md-2 gutters-col-v-2\">\r\n                    <!---->\r\n                    <div class=\"h-column h-column-container d-flex h-col-lg-6 h-col-md-6 h-col-12 style-780-outer style-local-1556-c9-outer\">\r\n                      <div data-colibri-id=\"1556-c9\" class=\"d-flex h-flex-basis h-column__inner h-ui-empty-state-container h-px-lg-0 h-px-md-0 h-px-0 v-inner-lg-0 v-inner-md-0 v-inner-0 style-780 style-local-1556-c9 position-relative\">\r\n                        <!---->\r\n                        <!---->\r\n                        <div class=\"w-100 h-y-container h-column__content h-column__v-align flex-basis-100\">\r\n                          <!---->\r\n                        <\/div>\r\n                      <\/div>\r\n                    <\/div>\r\n                    <div class=\"h-column h-column-container d-flex h-col-lg-6 h-col-md-6 h-col-12 style-777-outer style-local-1556-c6-outer\">\r\n                      <div data-colibri-id=\"1556-c6\" class=\"d-flex h-flex-basis h-column__inner h-px-lg-0 h-px-md-0 h-px-0 v-inner-lg-0 v-inner-md-0 v-inner-0 style-777 style-local-1556-c6 position-relative\">\r\n                        <!---->\r\n                        <!---->\r\n                        <div class=\"w-100 h-y-container h-column__content h-column__v-align flex-basis-100 align-self-lg-center align-self-md-center align-self-center\">\r\n                          <!---->\r\n                          <div data-colibri-id=\"1556-c7\" class=\"h-global-transition-all h-heading style-778 style-local-1556-c7 position-relative h-element\">\r\n                            <!---->\r\n                            <div class=\"h-heading__outer style-778 style-local-1556-c7\">\r\n                              <!---->\r\n                              <!---->\r\n                              <h4 class=\"\">Presentaci\u00f3n<\/h4>\r\n                            <\/div>\r\n                          <\/div>\r\n                          <div data-colibri-id=\"1556-c8\" class=\"h-text h-text-component style-779 style-local-1556-c8 position-relative h-element\">\r\n                            <!---->\r\n                            <!---->\r\n                            <div class=\"\">\r\n                              <p>En el a\u00f1o 1970, a ra\u00edz del hundimiento en La Coru\u00f1a del pesquero \u00abEl Isla\u00bb, as\u00ed como varios yates en la localidad catalana de Arenys de Mar, la Subsecretar\u00eda de la Marina Mercante propuso la participaci\u00f3n de la Cruz Roja\r\n                                espa\u00f1ola para la prestaci\u00f3n del servicio de salvamento de n\u00e1ufragos y que fue aceptado el 8 de julio de 1971 con la publicaci\u00f3n de las \u00abNormas provisionales de funcionamiento de la Cruz Roja del Mar\u00bb. Los impulsores de\r\n                                la CRM fueron la Liga Naval Espa\u00f1ola, la propia Cruz Roja y la Direcci\u00f3n General de la Marina Mercante.<\/p>\r\n                              <p>La Cruz Roja del Mar nace pues en este a\u00f1o ante la necesidad de un organismo que velara por la seguridad de la vida humana en la mar en las costas espa\u00f1olas, Cruz Roja Espa\u00f1ola decide participar plenamente en la prestaci\u00f3n\r\n                                del servicio de salvamento de n\u00e1ufragos creando una nueva secci\u00f3n denominada Cruz Roja del Mar cuyos objetivos son las de salvar las vidas humanas en peligro en las aguas del litoral e interiores. <\/p>\r\n                            <\/div>\r\n                          <\/div>\r\n                        <\/div>\r\n                      <\/div>\r\n                    <\/div>\r\n                  <\/div>\r\n                <\/div>\r\n                <div data-colibri-id=\"1556-c33\" class=\"h-row-container gutters-row-lg-2 gutters-row-md-2 gutters-row-2 gutters-row-v-lg-2 gutters-row-v-md-2 gutters-row-v-2 style-776 style-local-1556-c33 position-relative\">\r\n                  <!---->\r\n                  <div class=\"h-row justify-content-lg-center justify-content-md-center justify-content-center align-items-lg-stretch align-items-md-stretch align-items-stretch gutters-col-lg-2 gutters-col-md-2 gutters-col-2 gutters-col-v-lg-2 gutters-col-v-md-2 gutters-col-v-2\">\r\n                    <!---->\r\n                    <div class=\"h-column h-column-container d-flex h-col-lg-6 h-col-md-6 h-col-12 style-777-outer style-local-1556-c35-outer\">\r\n                      <div data-colibri-id=\"1556-c35\" class=\"d-flex h-flex-basis h-column__inner h-px-lg-0 h-px-md-0 h-px-0 v-inner-lg-0 v-inner-md-0 v-inner-0 style-777 style-local-1556-c35 position-relative\">\r\n                        <!---->\r\n                        <!---->\r\n                        <div class=\"w-100 h-y-container h-column__content h-column__v-align flex-basis-100 align-self-lg-center align-self-md-center align-self-center\">\r\n                          <!---->\r\n                          <div data-colibri-id=\"1556-c36\" class=\"h-global-transition-all h-heading style-778 style-local-1556-c36 position-relative h-element\">\r\n                            <!---->\r\n                            <div class=\"h-heading__outer style-778 style-local-1556-c36\">\r\n                              <!---->\r\n                              <!---->\r\n                              <h4 class=\"\">Presentaci\u00f3n<\/h4>\r\n                            <\/div>\r\n                          <\/div>\r\n                          <div data-colibri-id=\"1556-c37\" class=\"h-text h-text-component style-779 style-local-1556-c37 position-relative h-element\">\r\n                            <!---->\r\n                            <!---->\r\n                            <div class=\"\">\r\n                              <p>Su antecesor directo fue la Sociedad Espa\u00f1ola de Salvamento de N\u00e1ufragos creada en 1880 y que ante su existencia ya languideciente se integr\u00f3 en la CRM en el a\u00f1o 1972 fecha en que la Cruz Roja del Mar empieza a prestar sus\r\n                                servicios.<\/p>\r\n                              <p>Las Brigadas Navales de Salvamento, al igual que las de Tropas de Socorro, estaban organizadas por provincias, bajo el mando de un Jefe de Secci\u00f3n Naval, el cual depend\u00eda del Director Delegado Provincial de la Cruz Roja del\r\n                                Mar respectivo; este a su vez depend\u00eda del Presidente de la Asamblea Provincial y de la Inspecci\u00f3n General de la Cruz Roja del Mar, en la Asamblea Suprema.<\/p>\r\n                              <p>Las Secciones Navales ten\u00edan una estructura org\u00e1nica que variaba&nbsp;de unas a otras, en funci\u00f3n de su n\u00famero de componentes, sus equipos y las \u00e1reas de actuaci\u00f3n espec\u00edficas en&nbsp;las que se mov\u00edan.&nbsp;En el caso de\r\n                                la Secci\u00f3n Naval de Madrid, dicha estructura era la siguiente:<\/p>\r\n                              <ul>\r\n                                <li>Jefatura de la Secci\u00f3n Naval.<\/li>\r\n                                <li>Plana Mayor.<\/li>\r\n                                <li>Agrupaci\u00f3n a Flote (compuesta por las embarcaciones disponibles y sus tripulaciones).<\/li>\r\n                                <li>Agrupaci\u00f3n de Apoyo Log\u00edstico.<\/li>\r\n                                <li>Agrupaci\u00f3n de Socorristas N\u00e1uticos.<\/li>\r\n                                <li>Agrupaci\u00f3n de Buceadores de Socorro.<\/li>\r\n                              <\/ul>\r\n                              <p>\r\n                                <br>\r\n                              <\/p>\r\n                            <\/div>\r\n                          <\/div>\r\n                        <\/div>\r\n                      <\/div>\r\n                    <\/div>\r\n                    <div class=\"h-column h-column-container d-flex h-col-lg-6 h-col-md-6 h-col-12 style-793-outer style-local-1556-c38-outer\">\r\n                      <div data-colibri-id=\"1556-c38\" class=\"d-flex h-flex-basis h-column__inner h-px-lg-2 h-px-md-2 h-px-2 v-inner-lg-2 v-inner-md-2 v-inner-2 style-793 style-local-1556-c38 position-relative\">\r\n                        <!---->\r\n                        <!---->\r\n                        <div class=\"w-100 h-y-container h-column__content h-column__v-align flex-basis-100 align-self-lg-start align-self-md-start align-self-start\">\r\n                          <!---->\r\n                          <div data-colibri-id=\"1556-c39\" class=\"d-block style-794 style-local-1556-c39 position-relative h-element\">\r\n                            <!---->\r\n                            <div class=\"h-image__frame-container-outer\">\r\n                              <div class=\"h-image__frame-container\">\r\n                                <!---->\r\n                                <!---->\r\n                                <img loading=\"lazy\" decoding=\"async\" width=\"438\" height=\"400\" src=\"https:\/\/aevbts.org\/wp-content\/uploads\/2025\/11\/tintorera1.jpg\" class=\"wp-image-1578 style-794-image style-local-1556-c39-image\" alt=\"\" srcset=\"https:\/\/aevbts.org\/wp-content\/uploads\/2025\/11\/tintorera1.jpg 438w, https:\/\/aevbts.org\/wp-content\/uploads\/2025\/11\/tintorera1-300x274.jpg 300w\" sizes=\"auto, (max-width: 438px) 100vw, 438px\" \/>\r\n                                <div class=\"h-image__frame h-hide-lg h-hide-md h-hide-sm style-794-frameImage style-local-1556-c39-frameImage\"><\/div>\r\n                              <\/div>\r\n                            <\/div>\r\n                          <\/div>\r\n                        <\/div>\r\n                      <\/div>\r\n                    <\/div>\r\n                    <div class=\"h-column h-column-container d-flex h-col-lg-6 h-col-md-6 h-col-12 style-795-outer style-local-1556-c40-outer\">\r\n                      <div data-colibri-id=\"1556-c40\" class=\"d-flex h-flex-basis h-column__inner h-px-lg-2 h-px-md-2 h-px-2 v-inner-lg-2 v-inner-md-2 v-inner-2 style-795 style-local-1556-c40 position-relative\">\r\n                        <!---->\r\n                        <!---->\r\n                        <div class=\"w-100 h-y-container h-column__content h-column__v-align flex-basis-100 align-self-lg-start align-self-md-start align-self-start\">\r\n                          <!---->\r\n                          <div data-colibri-id=\"1556-c42\" class=\"d-block style-797 style-local-1556-c42 position-relative h-element\">\r\n                            <!---->\r\n                            <div class=\"h-image__frame-container-outer\">\r\n                              <div class=\"h-image__frame-container\">\r\n                                <!---->\r\n                                <!---->\r\n                                <img loading=\"lazy\" decoding=\"async\" width=\"1430\" height=\"1070\" src=\"https:\/\/aevbts.org\/wp-content\/uploads\/2025\/11\/Ofiocial-3o-y-Unidad-Femenina.-Gala-verano.jpg\" class=\"wp-image-1579 style-797-image style-local-1556-c42-image\" alt=\"\" srcset=\"https:\/\/aevbts.org\/wp-content\/uploads\/2025\/11\/Ofiocial-3o-y-Unidad-Femenina.-Gala-verano.jpg 1430w, https:\/\/aevbts.org\/wp-content\/uploads\/2025\/11\/Ofiocial-3o-y-Unidad-Femenina.-Gala-verano-300x224.jpg 300w, https:\/\/aevbts.org\/wp-content\/uploads\/2025\/11\/Ofiocial-3o-y-Unidad-Femenina.-Gala-verano-1024x766.jpg 1024w, https:\/\/aevbts.org\/wp-content\/uploads\/2025\/11\/Ofiocial-3o-y-Unidad-Femenina.-Gala-verano-768x575.jpg 768w\" sizes=\"auto, (max-width: 1430px) 100vw, 1430px\" \/>\r\n                                <div class=\"h-image__frame h-hide-lg h-hide-md h-hide-sm style-797-frameImage style-local-1556-c42-frameImage\"><\/div>\r\n                              <\/div>\r\n                            <\/div>\r\n                          <\/div>\r\n                        <\/div>\r\n                      <\/div>\r\n                    <\/div>\r\n                    <div class=\"h-column h-column-container d-flex h-col-lg-6 h-col-md-6 h-col-12 style-796-outer style-local-1556-c41-outer\">\r\n                      <div data-colibri-id=\"1556-c41\" class=\"d-flex h-flex-basis h-column__inner h-px-lg-2 h-px-md-2 h-px-2 v-inner-lg-2 v-inner-md-2 v-inner-2 style-796 style-local-1556-c41 position-relative\">\r\n                        <!---->\r\n                        <!---->\r\n                        <div class=\"w-100 h-y-container h-column__content h-column__v-align flex-basis-100 align-self-lg-start align-self-md-start align-self-start\">\r\n                          <!---->\r\n                          <div data-colibri-id=\"1556-c43\" class=\"d-block style-798 style-local-1556-c43 position-relative h-element\">\r\n                            <!---->\r\n                            <div class=\"h-image__frame-container-outer\">\r\n                              <div class=\"h-image__frame-container\">\r\n                                <!---->\r\n                                <!---->\r\n                                <img loading=\"lazy\" decoding=\"async\" width=\"736\" height=\"636\" src=\"https:\/\/aevbts.org\/wp-content\/uploads\/2025\/11\/simulacro2.jpg\" class=\"wp-image-1580 style-798-image style-local-1556-c43-image\" alt=\"\" srcset=\"https:\/\/aevbts.org\/wp-content\/uploads\/2025\/11\/simulacro2.jpg 736w, https:\/\/aevbts.org\/wp-content\/uploads\/2025\/11\/simulacro2-300x259.jpg 300w\" sizes=\"auto, (max-width: 736px) 100vw, 736px\" \/>\r\n                                <div class=\"h-image__frame h-hide-lg h-hide-md h-hide-sm style-798-frameImage style-local-1556-c43-frameImage\"><\/div>\r\n                              <\/div>\r\n                            <\/div>\r\n                          <\/div>\r\n                        <\/div>\r\n                      <\/div>\r\n                    <\/div>\r\n                  <\/div>\r\n                <\/div>\r\n              <\/div>\r\n            <\/div>\r\n          <\/div>\r\n        <\/div>\r\n      <\/div>\r\n    <\/div>\r\n  <\/div>\r\n<\/div>","protected":false},"excerpt":{"rendered":"<p>BRIGADAS NAVALES DE SALVAMENTO DE LA CRUZ ROJA DEL MAR (DISUELTAS) Presentaci\u00f3n En [&hellip;]<\/p>\n","protected":false},"author":1,"featured_media":0,"parent":0,"menu_order":0,"comment_status":"closed","ping_status":"closed","template":"page-templates\/full-width-page.php","meta":{"footnotes":""},"class_list":["post-1556","page","type-page","status-publish","hentry"],"_links":{"self":[{"href":"https:\/\/aevbts.org\/index.php?rest_route=\/wp\/v2\/pages\/1556","targetHints":{"allow":["GET"]}}],"collection":[{"href":"https:\/\/aevbts.org\/index.php?rest_route=\/wp\/v2\/pages"}],"about":[{"href":"https:\/\/aevbts.org\/index.php?rest_route=\/wp\/v2\/types\/page"}],"author":[{"embeddable":true,"href":"https:\/\/aevbts.org\/index.php?rest_route=\/wp\/v2\/users\/1"}],"replies":[{"embeddable":true,"href":"https:\/\/aevbts.org\/index.php?rest_route=%2Fwp%2Fv2%2Fcomments&post=1556"}],"version-history":[{"count":5,"href":"https:\/\/aevbts.org\/index.php?rest_route=\/wp\/v2\/pages\/1556\/revisions"}],"predecessor-version":[{"id":1588,"href":"https:\/\/aevbts.org\/index.php?rest_route=\/wp\/v2\/pages\/1556\/revisions\/1588"}],"wp:attachment":[{"href":"https:\/\/aevbts.org\/index.php?rest_route=%2Fwp%2Fv2%2Fmedia&parent=1556"}],"curies":[{"name":"wp","href":"https:\/\/api.w.org\/{rel}","templated":true}]}}