{"id":7,"date":"2025-05-05T18:51:16","date_gmt":"2025-05-05T16:51:16","guid":{"rendered":"http:\/\/aevbts-test.myddns.me\/wordpress\/?page_id=7"},"modified":"2025-06-20T20:21:39","modified_gmt":"2025-06-20T18:21:39","slug":"inicio","status":"publish","type":"page","link":"https:\/\/aevbts.org\/","title":{"rendered":"Inicio"},"content":{"rendered":"<div data-colibri-id=\"7-c1\" class=\"style-181 style-local-7-c1 position-relative\">\n  <!---->\n  <div data-colibri-component=\"section\" data-colibri-id=\"7-c2\" id=\"blank\" class=\"h-section h-section-global-spacing d-flex align-items-lg-center align-items-md-center align-items-center style-324 style-local-7-c2 position-relative\">\n    <!---->\n    <!---->\n    <div class=\"h-section-grid-container h-section-boxed-container\">\n      <!---->\n      <div data-colibri-id=\"7-c3\" class=\"h-row-container gutters-row-lg-2 gutters-row-md-2 gutters-row-0 gutters-row-v-lg-2 gutters-row-v-md-2 gutters-row-v-2 style-325 style-local-7-c3 position-relative\">\n        <!---->\n        <div class=\"h-row justify-content-lg-center justify-content-md-center justify-content-center align-items-lg-stretch align-items-md-stretch align-items-stretch gutters-col-lg-2 gutters-col-md-2 gutters-col-0 gutters-col-v-lg-2 gutters-col-v-md-2 gutters-col-v-2\">\n          <!---->\n          <div class=\"h-column h-column-container d-flex h-col-lg-auto h-col-md-auto h-col-auto style-326-outer style-local-7-c4-outer\">\n            <div data-colibri-id=\"7-c4\" class=\"d-flex h-flex-basis h-column__inner h-px-lg-2 h-px-md-2 h-px-2 v-inner-lg-2 v-inner-md-2 v-inner-2 style-326 style-local-7-c4 position-relative\">\n              <!---->\n              <!---->\n              <div class=\"w-100 h-y-container h-column__content h-column__v-align flex-basis-100 align-self-lg-start align-self-md-start align-self-start\">\n                <!---->\n                <div data-colibri-id=\"7-c5\" class=\"d-block style-332 style-local-7-c5 position-relative h-element\">\n                  <!---->\n                  <div class=\"h-image__frame-container-outer\">\n                    <div class=\"h-image__frame-container\">\n                      <!---->\n                      <!---->\n                      <img loading=\"lazy\" decoding=\"async\" width=\"360\" height=\"453\" src=\"https:\/\/aevbts.org\/wp-content\/uploads\/2025\/05\/cropped-Imagen-de-WhatsApp-2025-05-07-a-las-23.34.03_e73c472f.jpg\" class=\"wp-image-445 style-332-image style-local-7-c5-image\" alt=\"\" srcset=\"https:\/\/aevbts.org\/wp-content\/uploads\/2025\/05\/cropped-Imagen-de-WhatsApp-2025-05-07-a-las-23.34.03_e73c472f.jpg 360w, https:\/\/aevbts.org\/wp-content\/uploads\/2025\/05\/cropped-Imagen-de-WhatsApp-2025-05-07-a-las-23.34.03_e73c472f-238x300.jpg 238w\" sizes=\"auto, (max-width: 360px) 100vw, 360px\" \/>\n                      <div class=\"h-image__frame h-hide-lg h-hide-md h-hide-sm style-332-frameImage style-local-7-c5-frameImage\"><\/div>\n                    <\/div>\n                  <\/div>\n                <\/div>\n              <\/div>\n            <\/div>\n          <\/div>\n          <div class=\"h-column h-column-container d-flex h-col-lg-auto h-col-md-auto h-col-auto style-327-outer style-local-7-c6-outer\">\n            <div data-colibri-id=\"7-c6\" class=\"d-flex h-flex-basis h-column__inner h-px-lg-2 h-px-md-2 h-px-2 v-inner-lg-2 v-inner-md-2 v-inner-2 style-327 style-local-7-c6 position-relative\">\n              <!---->\n              <!---->\n              <div class=\"w-100 h-y-container h-column__content h-column__v-align flex-basis-100 align-self-lg-start align-self-md-start align-self-start\">\n                <!---->\n                <div data-colibri-id=\"7-c7\" class=\"h-lead h-text h-text-component style-333 style-local-7-c7 position-relative h-element\">\n                  <!---->\n                  <!---->\n                  <div class=\"\">\n                    <p>Hola:<\/p>\n                    <p>Desde estas l\u00edneas, queremos presentar al p\u00fablico la Asociaci\u00f3n Espa\u00f1ola de Veteranos de las Brigadas de Tropas de Socorro.<\/p>\n                    <p>Nuestra Asociaci\u00f3n, naci\u00f3 en el mes de Septiembre de 2020, por el empe\u00f1o de un grupo de antiguos miembros del Cuerpo de Tropas de Socorro de Cruz Roja Espa\u00f1ola, y con el fin de dar a conocer a la Sociedad y poner en valor y en el lugar\n                      que le corresponde, el trabajo realizado por estos hombres y mujeres que se enfundaron los uniformes de Tropas de Socorro y Cruz Roja del Mar, desde el 4 de Mayo de 1872 hasta el 25 de Octubre de 1988, fecha \u00e9sta \u00faltima en la que\n                      se firm\u00f3 la disoluci\u00f3n del Cuerpo de Tropas de Socorro.<\/p>\n                    <p>Fueron muchas horas, d\u00edas, meses y a\u00f1os (m\u00e1s de 116 a\u00f1os) que desinteresadamente y sin valorar el riesgo que en alg\u00fan momento se tuvo, se prestaron servicios de atenci\u00f3n a la humanidad, tanto en grandes concentraciones de personas\n                      como en todo tipo de cat\u00e1strofes y calamidades, y todo ello de una manera totalmente altruista.<\/p>\n                    <p>Hoy, cuando han pasado ya m\u00e1s de 35 a\u00f1os de que se disolviera el Cuerpo de Tropas de Socorro, desde nuestra Asociaci\u00f3n, seguimos empe\u00f1ados en nuestra labor, llevando a cabo muchos de los proyectos que hemos ido preparando y todos girando\n                      en torno a ese deseo de que no caiga en el olvido el trabajo realizado en su d\u00eda.<\/p>\n                    <p>Si t\u00fa, que est\u00e1s leyendo estas l\u00edneas, has tenido el grand\u00edsimo honor de vestir el uniforme del Cuerpo de Tropas de Socorro o el de Cruz Roja del Mar, las puertas de nuestra Asociaci\u00f3n est\u00e1n abiertas para ti y aqu\u00ed te reservamos un\n                      sitio junto a los que fu\u00e9ramos tus compa\u00f1eros en su d\u00eda y si no lo vestiste, pero tienes afinidad con aquel trabajo realizado, porque seas descendiente de alg\u00fan antiguo compa\u00f1ero o simplemente por que quieras formar parte de esta\n                      aventura, tambi\u00e9n hay guardado un puesto para ti.<\/p>\n                    <p>Creemos que la labor, merece la pena\u2026.<\/p>\n                    <p>EL PRESIDENTE<\/p>\n                  <\/div>\n                <\/div>\n              <\/div>\n            <\/div>\n          <\/div>\n        <\/div>\n      <\/div>\n    <\/div>\n  <\/div>\n  <div data-colibri-component=\"section\" data-colibri-id=\"7-c12\" id=\"contact\" class=\"h-section h-section-global-spacing d-flex align-items-lg-center align-items-md-center align-items-center style-182 style-local-7-c12 position-relative\">\n    <!---->\n    <!---->\n    <div class=\"h-section-grid-container h-section-boxed-container\">\n      <!---->\n      <div data-colibri-id=\"7-c13\" class=\"h-row-container gutters-row-lg-2 gutters-row-md-2 gutters-row-2 gutters-row-v-lg-2 gutters-row-v-md-2 gutters-row-v-2 style-183 style-local-7-c13 position-relative\">\n        <!---->\n        <div class=\"h-row justify-content-lg-center justify-content-md-center justify-content-center align-items-lg-stretch align-items-md-stretch align-items-stretch gutters-col-lg-2 gutters-col-md-2 gutters-col-2 gutters-col-v-lg-2 gutters-col-v-md-2 gutters-col-v-2\">\n          <!---->\n          <div class=\"h-column h-column-container d-flex h-col-lg-4 h-col-md-3 h-col-12 style-184-outer style-local-7-c14-outer\">\n            <div data-colibri-id=\"7-c14\" class=\"d-flex h-flex-basis h-column__inner h-px-lg-0 h-px-md-0 h-px-0 v-inner-lg-0 v-inner-md-0 v-inner-0 style-184 style-local-7-c14 position-relative\">\n              <!---->\n              <!---->\n              <div class=\"w-100 h-y-container h-column__content h-column__v-align flex-basis-100 align-self-lg-start align-self-md-start align-self-start\">\n                <!---->\n                <div data-colibri-id=\"7-c15\" class=\"h-icon style-185 style-local-7-c15 position-relative h-element\">\n                  <!----><span class=\"h-svg-icon h-icon__icon style-185-icon style-local-7-c15-icon\"><!--Icon by Icons8 Line Awesome (https:\/\/icons8.com\/line-awesome)--><svg version=\"1.1\" xmlns=\"http:\/\/www.w3.org\/2000\/svg\" xmlns:xlink=\"http:\/\/www.w3.org\/1999\/xlink\" id=\"map-marker\" viewBox=\"0 0 512 545.5\"><path d=\"M256 80c79.336 0 144 64.664 144 144 0 22.5-9.116 48.313-21.5 76.5s-28.314 58.098-44.5 86C301.628 442.306 269 489 269 489l-13 19-13-19s-32.628-46.694-65-102.5c-16.186-27.902-32.116-57.813-44.5-86S112 246.5 112 224c0-79.336 64.664-144 144-144zm0 32c-62.04 0-112 49.96-112 112 0 12.844 6.884 37.06 18.5 63.5s27.686 55.738 43.5 83c25.155 43.364 40.74 66.3 50 80 9.26-13.7 24.845-36.636 50-80 15.815-27.262 31.884-56.56 43.5-83S368 236.844 368 224c0-62.04-49.96-112-112-112zm0 80c17.673 0 32 14.327 32 32s-14.327 32-32 32-32-14.327-32-32 14.327-32 32-32z\"><\/path><\/svg><\/span><\/div>\n                <div\n                  data-colibri-id=\"7-c16\" class=\"h-global-transition-all h-heading style-186 style-local-7-c16 position-relative h-element\">\n                  <!---->\n                  <div class=\"h-heading__outer style-186 style-local-7-c16\">\n                    <!---->\n                    <!---->\n                    <h4 class=\"\">Sede Social<\/h4>\n                  <\/div>\n              <\/div>\n              <div data-colibri-id=\"7-c17\" class=\"h-divider style-187 style-local-7-c17 position-relative h-element\">\n                <!----><span class=\"h-divider__line style-187-line style-local-7-c17-line style-187-line style-local-7-c17-line\"><\/span><\/div>\n              <div data-colibri-id=\"7-c18\" class=\"h-text h-text-component style-188 style-local-7-c18 position-relative h-element\">\n                <!---->\n                <!---->\n                <div class=\"\">\n                  <p>Calle Gran V\u00eda de Ram\u00f3n y Cajal, n\u00ba 30 &#8211; Entresuelo, Despacho 12<\/p>\n                <\/div>\n              <\/div>\n              <div data-colibri-id=\"7-c19\" class=\"h-text h-text-component style-189 style-local-7-c19 position-relative h-element\">\n                <!---->\n                <!---->\n                <div class=\"\">\n                  <p>50005&nbsp;ZARAGOZA<\/p>\n                <\/div>\n              <\/div>\n            <\/div>\n          <\/div>\n        <\/div>\n        <div class=\"h-column h-column-container d-flex h-col-lg-4 h-col-md-3 h-col-12 style-184-outer style-local-7-c20-outer\">\n          <div data-colibri-id=\"7-c20\" class=\"d-flex h-flex-basis h-column__inner h-px-lg-0 h-px-md-0 h-px-0 v-inner-lg-0 v-inner-md-0 v-inner-0 style-184 style-local-7-c20 position-relative\">\n            <!---->\n            <!---->\n            <div class=\"w-100 h-y-container h-column__content h-column__v-align flex-basis-100 align-self-lg-start align-self-md-start align-self-start\">\n              <!---->\n              <div data-colibri-id=\"7-c21\" class=\"h-icon style-185 style-local-7-c21 position-relative h-element\">\n                <!----><span class=\"h-svg-icon h-icon__icon style-185-icon style-local-7-c21-icon\"><!--Icon by Icons8 Line Awesome (https:\/\/icons8.com\/line-awesome)--><svg version=\"1.1\" xmlns=\"http:\/\/www.w3.org\/2000\/svg\" xmlns:xlink=\"http:\/\/www.w3.org\/1999\/xlink\" id=\"envelope\" viewBox=\"0 0 512 545.5\"><path d=\"M48 160h416v288H48V160zm69 32l139 92.5L395 192H117zm-37 14v210h352V206L265 317.5l-9 5.5-9-5.5z\"><\/path><\/svg><\/span><\/div>\n              <div\n                data-colibri-id=\"7-c22\" class=\"h-global-transition-all h-heading style-186 style-local-7-c22 position-relative h-element\">\n                <!---->\n                <div class=\"h-heading__outer style-186 style-local-7-c22\">\n                  <!---->\n                  <!---->\n                  <h4 class=\"\">E-mail<\/h4>\n                <\/div>\n            <\/div>\n            <div data-colibri-id=\"7-c23\" class=\"h-divider style-187 style-local-7-c23 position-relative h-element\">\n              <!----><span class=\"h-divider__line style-187-line style-local-7-c23-line style-187-line style-local-7-c23-line\"><\/span><\/div>\n            <div data-colibri-id=\"7-c24\" class=\"h-text h-text-component style-188 style-local-7-c24 position-relative h-element\">\n              <!---->\n              <!---->\n              <div class=\"\">\n                <p>juntanacional@aevbts.org<\/p>\n              <\/div>\n            <\/div>\n          <\/div>\n        <\/div>\n      <\/div>\n      <div class=\"h-column h-column-container d-flex h-col-lg-4 h-col-md-3 h-col-12 style-184-outer style-local-7-c25-outer\">\n        <div data-colibri-id=\"7-c25\" class=\"d-flex h-flex-basis h-column__inner h-px-lg-0 h-px-md-0 h-px-0 v-inner-lg-0 v-inner-md-0 v-inner-0 style-184 style-local-7-c25 position-relative\">\n          <!---->\n          <!---->\n          <div class=\"w-100 h-y-container h-column__content h-column__v-align flex-basis-100 align-self-lg-start align-self-md-start align-self-start\">\n            <!---->\n            <div data-colibri-id=\"7-c26\" class=\"h-icon style-185 style-local-7-c26 position-relative h-element\">\n              <!----><span class=\"h-svg-icon h-icon__icon style-185-icon style-local-7-c26-icon\"><!--Icon by Font Awesome (https:\/\/fontawesome.com)-->\n    <svg version=\"1.1\" xmlns=\"http:\/\/www.w3.org\/2000\/svg\" xmlns:xlink=\"http:\/\/www.w3.org\/1999\/xlink\" id=\"mobile\" viewBox=\"0 0 1056.9019 1896.0833\">\n      <path d=\"M464 1408q0-33-23.5-56.5T384 1328t-56.5 23.5T304 1408t23.5 56.5T384 1488t56.5-23.5T464 1408zm208-160V544q0-13-9.5-22.5T640 512H128q-13 0-22.5 9.5T96 544v704q0 13 9.5 22.5t22.5 9.5h512q13 0 22.5-9.5t9.5-22.5zM480 400q0-16-16-16H304q-16 0-16 16t16 16h160q16 0 16-16zm288-16v1024q0 52-38 90t-90 38H128q-52 0-90-38t-38-90V384q0-52 38-90t90-38h512q52 0 90 38t38 90z\"><\/path>\n    <\/svg><\/span><\/div>\n            <div data-colibri-id=\"7-c27\" class=\"h-global-transition-all h-heading style-186 style-local-7-c27 position-relative h-element\">\n              <!---->\n              <div class=\"h-heading__outer style-186 style-local-7-c27\">\n                <!---->\n                <!---->\n                <h4 class=\"\">Tel\u00e9fono<\/h4>\n              <\/div>\n            <\/div>\n            <div data-colibri-id=\"7-c28\" class=\"h-divider style-187 style-local-7-c28 position-relative h-element\">\n              <!----><span class=\"h-divider__line style-187-line style-local-7-c28-line style-187-line style-local-7-c28-line\"><\/span><\/div>\n            <div data-colibri-id=\"7-c29\" class=\"h-text h-text-component style-190 style-local-7-c29 position-relative h-element\">\n              <!---->\n              <!---->\n              <div class=\"\">\n                <p>630-158-711<\/p>\n              <\/div>\n            <\/div>\n            <div data-colibri-id=\"7-c30\" class=\"h-text h-text-component style-190 style-local-7-c30 position-relative h-element\">\n              <!---->\n              <!---->\n              <div class=\"\"><\/div>\n            <\/div>\n          <\/div>\n        <\/div>\n      <\/div>\n      <div class=\"h-column h-column-container d-flex h-col-lg-4 h-col-md-3 h-col-12 style-334-outer style-local-7-c31-outer\">\n        <div data-colibri-id=\"7-c31\" class=\"d-flex h-flex-basis h-column__inner h-ui-empty-state-container h-px-lg-2 h-px-md-2 h-px-2 v-inner-lg-2 v-inner-md-2 v-inner-2 style-334 style-local-7-c31 position-relative\">\n          <!---->\n          <!---->\n          <div class=\"w-100 h-y-container h-column__content h-column__v-align flex-basis-100\">\n            <!---->\n          <\/div>\n        <\/div>\n      <\/div>\n    <\/div>\n  <\/div>\n  <div data-colibri-id=\"7-c32\" class=\"h-row-container gutters-row-lg-2 gutters-row-md-2 gutters-row-0 gutters-row-v-lg-2 gutters-row-v-md-2 gutters-row-v-2 style-341 style-local-7-c32 position-relative\">\n    <!---->\n    <div class=\"h-row justify-content-lg-center justify-content-md-center justify-content-center align-items-lg-stretch align-items-md-stretch align-items-stretch gutters-col-lg-2 gutters-col-md-2 gutters-col-0 gutters-col-v-lg-2 gutters-col-v-md-2 gutters-col-v-2\">\n      <!---->\n      <div class=\"h-column h-column-container d-flex h-col-lg-auto h-col-md-auto h-col-auto style-342-outer style-local-7-c33-outer\">\n        <div data-colibri-id=\"7-c33\" class=\"d-flex h-flex-basis h-column__inner h-px-lg-2 h-px-md-2 h-px-2 v-inner-lg-2 v-inner-md-2 v-inner-2 style-342 style-local-7-c33 position-relative\">\n          <!---->\n          <!---->\n          <div class=\"w-100 h-y-container h-column__content h-column__v-align flex-basis-100 align-self-lg-start align-self-md-start align-self-start\">\n            <!---->\n            <div data-colibri-id=\"7-c34\" class=\"style-340 style-local-7-c34 position-relative h-element\">\n              <!---->\n              <div class=\"\"><div class=\"leaflet-map WPLeafletMap\" style=\"height:250px; width:100%;\"><\/div><script>\nwindow.WPLeafletMapPlugin = window.WPLeafletMapPlugin || [];\nwindow.WPLeafletMapPlugin.push(function WPLeafletMapShortcode() {\/*<script>*\/\nvar baseUrl = atob('aHR0cHM6Ly90aWxlLm9wZW5zdHJlZXRtYXAub3JnL3t6fS97eH0ve3l9LnBuZw==');\nvar base = (!baseUrl && window.MQ) ?\n    window.MQ.mapLayer() : L.tileLayer(baseUrl,\n        L.Util.extend({}, {\n            detectRetina: 0,\n        },\n        {\"subdomains\":\"abc\",\"noWrap\":false,\"maxZoom\":19}        )\n    );\n    var options = L.Util.extend({}, {\n        layers: [base],\n        attributionControl: false\n    },\n    {\"zoomControl\":true,\"scrollWheelZoom\":false,\"doubleClickZoom\":false,\"fitBounds\":false,\"minZoom\":0,\"maxZoom\":19,\"maxBounds\":null,\"attribution\":\"<a href=\\\"http:\\\/\\\/leafletjs.com\\\" title=\\\"Una biblioteca JS para mapas interactivos\\\">Leaflet<\\\/a>; \\u00a9 <a href=\\\"http:\\\/\\\/www.openstreetmap.org\\\/copyright\\\">OpenStreetMap<\\\/a> colaboradores\"},\n    {});\nwindow.WPLeafletMapPlugin.createMap(options).setView([41.645851096619,-0.88922470808029],18);});<\/script> <script>\nwindow.WPLeafletMapPlugin = window.WPLeafletMapPlugin || [];\nwindow.WPLeafletMapPlugin.push(function WPLeafletMarkerShortcode() {\/*<script>*\/\nvar map = window.WPLeafletMapPlugin.getCurrentMap();\nvar group = window.WPLeafletMapPlugin.getCurrentGroup();\nvar marker_options = window.WPLeafletMapPlugin.getIconOptions({});\nvar marker = L.marker(\n    [41.645835064823,-0.88948488235474],\n    marker_options\n);\nvar is_image = map.is_image_map;\nif (marker_options.draggable) {\n    marker.on('dragend', function () {\n        var latlng = this.getLatLng();\n        var lat = latlng.lat;\n        var lng = latlng.lng;\n        if (is_image) {\n            console.log('leaflet-marker y=' + lat + ' x=' + lng);\n        } else {\n            console.log('leaflet-marker lat=' + lat + ' lng=' + lng);\n        }\n    });\n}\nmarker.addTo( group );\nwindow.WPLeafletMapPlugin.markers.push( marker );\n        });<\/script><\/div>\n            <\/div>\n          <\/div>\n        <\/div>\n      <\/div>\n    <\/div>\n  <\/div>\n  <div data-colibri-id=\"7-c35\" class=\"h-row-container gutters-row-lg-2 gutters-row-md-2 gutters-row-0 gutters-row-v-lg-2 gutters-row-v-md-2 gutters-row-v-2 style-337 style-local-7-c35 position-relative\">\n    <!---->\n    <div class=\"h-row justify-content-lg-center justify-content-md-center justify-content-center align-items-lg-stretch align-items-md-stretch align-items-stretch gutters-col-lg-2 gutters-col-md-2 gutters-col-0 gutters-col-v-lg-2 gutters-col-v-md-2 gutters-col-v-2\">\n      <!---->\n      <div class=\"h-column h-column-container d-flex h-col-lg-12 h-col-md-12 h-col-12 style-338-outer style-local-7-c36-outer\">\n        <div data-colibri-id=\"7-c36\" class=\"d-flex h-flex-basis h-column__inner h-px-lg-2 h-px-md-2 h-px-2 v-inner-lg-2 v-inner-md-2 v-inner-2 style-338 style-local-7-c36 position-relative\">\n          <!---->\n          <!---->\n          <div class=\"w-100 h-y-container h-column__content h-column__v-align flex-basis-100 align-self-lg-start align-self-md-start align-self-start\">\n            <!---->\n            <div data-colibri-id=\"7-c37\" class=\"style-656 style-local-7-c37 position-relative h-element\">\n              <!---->\n              <div class=\"\"><div class=\"frm_forms  with_frm_style frm_style_estilo-de-formidable\" id=\"frm_form_1_container\" >\n<form enctype=\"multipart\/form-data\" method=\"post\" class=\"frm-show-form  frm_ajax_submit \" id=\"form_contact-form\" >\n<div class=\"frm_form_fields \">\n<fieldset>\n<legend class=\"frm_screen_reader\">Contacta con Nosotros<\/legend>\r\n\r\n<div class=\"frm_description\"><p>Nos gustar\u00eda saber de ti. Por favor, env\u00edenos un mensaje rellenando el siguiente formulario y nos pondremos en contacto con usted en breve..<\/p>\n<\/div><div class=\"frm_fields_container\">\n<input type=\"hidden\" name=\"frm_action\" value=\"create\" \/>\n<input type=\"hidden\" name=\"form_id\" value=\"1\" \/>\n<input type=\"hidden\" name=\"frm_hide_fields_1\" id=\"frm_hide_fields_1\" value=\"\" \/>\n<input type=\"hidden\" name=\"form_key\" value=\"contact-form\" \/>\n<input type=\"hidden\" name=\"item_meta[0]\" value=\"\" \/>\n<input type=\"hidden\" id=\"frm_submit_entry_1\" name=\"frm_submit_entry_1\" value=\"aecdd84e21\" \/><input type=\"hidden\" name=\"_wp_http_referer\" value=\"\/index.php?rest_route=%2Fwp%2Fv2%2Fpages%2F7\" \/><div id=\"frm_field_1_container\" class=\"frm_form_field form-field  frm_required_field frm_top_container frm12 frm_first\">\r\n\t<label for=\"field_qh4icy\" id=\"field_qh4icy_label\" class=\"frm_primary_label\">Nombre\r\n\t\t<span class=\"frm_required\" aria-hidden=\"true\">*<\/span>\r\n\t<\/label>\r\n\t<input type=\"text\" id=\"field_qh4icy\" name=\"item_meta[1]\" value=\"\"  data-reqmsg=\"Nombre no puede estar en blanco.\" aria-required=\"true\" data-invmsg=\"Nombre no es v\u00e1lido\" aria-invalid=\"false\"  \/>\r\n\t\r\n\t\r\n<\/div>\n<div id=\"frm_field_2_container\" class=\"frm_form_field form-field  frm_required_field frm_hidden_container frm12 frm_first\">\r\n\t<label for=\"field_ocfup1\" id=\"field_ocfup1_label\" class=\"frm_primary_label\">Apellidos\r\n\t\t<span class=\"frm_required\" aria-hidden=\"true\">*<\/span>\r\n\t<\/label>\r\n\t<input type=\"text\" id=\"field_ocfup1\" name=\"item_meta[2]\" value=\"\"  data-reqmsg=\"Apellidos no puede estar en blanco.\" aria-required=\"true\" data-invmsg=\"Apellidos no es v\u00e1lido\" aria-invalid=\"false\"  \/>\r\n\t\r\n\t\r\n<\/div>\n<div id=\"frm_field_3_container\" class=\"frm_form_field form-field  frm_required_field frm_top_container frm_full\">\r\n\t<label for=\"field_29yf4d\" id=\"field_29yf4d_label\" class=\"frm_primary_label\">Email\r\n\t\t<span class=\"frm_required\" aria-hidden=\"true\">*<\/span>\r\n\t<\/label>\r\n\t<input type=\"email\" id=\"field_29yf4d\" name=\"item_meta[3]\" value=\"\"  data-reqmsg=\"Email no puede estar en blanco.\" aria-required=\"true\" data-invmsg=\"Please enter a valid email address\" aria-invalid=\"false\"  \/>\r\n\t\r\n\t\r\n<\/div>\n<div id=\"frm_field_4_container\" class=\"frm_form_field form-field  frm_required_field frm_top_container frm_full\">\r\n\t<label for=\"field_e6lis6\" id=\"field_e6lis6_label\" class=\"frm_primary_label\">Asunto\r\n\t\t<span class=\"frm_required\" aria-hidden=\"true\">*<\/span>\r\n\t<\/label>\r\n\t<input type=\"text\" id=\"field_e6lis6\" name=\"item_meta[4]\" value=\"\"  data-reqmsg=\"Asunto no puede estar en blanco.\" aria-required=\"true\" data-invmsg=\"Asunto no es v\u00e1lido\" aria-invalid=\"false\"  \/>\r\n\t\r\n\t\r\n<\/div>\n<div id=\"frm_field_5_container\" class=\"frm_form_field form-field  frm_required_field frm_top_container frm_full\">\r\n\t<label for=\"field_9jv0r1\" id=\"field_9jv0r1_label\" class=\"frm_primary_label\">Mensaje\r\n\t\t<span class=\"frm_required\" aria-hidden=\"true\">*<\/span>\r\n\t<\/label>\r\n\t<textarea name=\"item_meta[5]\" id=\"field_9jv0r1\" rows=\"5\"  data-reqmsg=\"Mensaje no puede estar en blanco.\" aria-required=\"true\" data-invmsg=\"Mensaje no es v\u00e1lido\" aria-invalid=\"false\"  ><\/textarea>\r\n\t\r\n\t\r\n<\/div>\n<div id=\"frm_field_6_container\" class=\"frm_form_field form-field  frm12 frm_first\">\r\n\t<div class=\"frm_submit frm_flex\">\r\n<button class=\"frm_button_submit\" type=\"submit\"  >Enviar<\/button>\r\n\r\n\r\n\r\n<\/div>\r\n<\/div>\n\t<input type=\"hidden\" name=\"item_key\" value=\"\" \/>\n\t\t\t<div id=\"frm_field_7_container\">\n\t\t\t<label for=\"field_3gt1j\" >\n\t\t\t\tSi eres humano, deja este campo en blanco.\t\t\t<\/label>\n\t\t\t<input  id=\"field_3gt1j\" type=\"text\" class=\"frm_form_field form-field frm_verify\" name=\"item_meta[7]\" value=\"\"  \/>\n\t\t<\/div>\n\t\t<input name=\"frm_state\" type=\"hidden\" value=\"7LHdys2ADqwcHnSKG6LiusBNhzyw8W42Cl+jOz7AVXI=\" \/><\/div>\n<\/fieldset>\n<\/div>\n\n<\/form>\n<\/div>\n<\/div>\n            <\/div>\n          <\/div>\n        <\/div>\n      <\/div>\n    <\/div>\n  <\/div>\n<\/div>\n<\/div>\n<\/div>","protected":false},"excerpt":{"rendered":"<p>Hola: Desde estas l\u00edneas, queremos presentar al p\u00fablico la Asociaci\u00f3n Espa\u00f1ola de Veteranos [&hellip;]<\/p>\n","protected":false},"author":1,"featured_media":0,"parent":0,"menu_order":0,"comment_status":"closed","ping_status":"closed","template":"page-templates\/homepage.php","meta":{"footnotes":""},"class_list":["post-7","page","type-page","status-publish","hentry"],"_links":{"self":[{"href":"https:\/\/aevbts.org\/index.php?rest_route=\/wp\/v2\/pages\/7","targetHints":{"allow":["GET"]}}],"collection":[{"href":"https:\/\/aevbts.org\/index.php?rest_route=\/wp\/v2\/pages"}],"about":[{"href":"https:\/\/aevbts.org\/index.php?rest_route=\/wp\/v2\/types\/page"}],"author":[{"embeddable":true,"href":"https:\/\/aevbts.org\/index.php?rest_route=\/wp\/v2\/users\/1"}],"replies":[{"embeddable":true,"href":"https:\/\/aevbts.org\/index.php?rest_route=%2Fwp%2Fv2%2Fcomments&post=7"}],"version-history":[{"count":20,"href":"https:\/\/aevbts.org\/index.php?rest_route=\/wp\/v2\/pages\/7\/revisions"}],"predecessor-version":[{"id":1405,"href":"https:\/\/aevbts.org\/index.php?rest_route=\/wp\/v2\/pages\/7\/revisions\/1405"}],"wp:attachment":[{"href":"https:\/\/aevbts.org\/index.php?rest_route=%2Fwp%2Fv2%2Fmedia&parent=7"}],"curies":[{"name":"wp","href":"https:\/\/api.w.org\/{rel}","templated":true}]}}